{"id":1596,"date":"2022-12-14T16:56:04","date_gmt":"2022-12-14T13:56:04","guid":{"rendered":"https:\/\/vilma.lt\/?page_id=1596"},"modified":"2025-03-05T14:54:41","modified_gmt":"2025-03-05T11:54:41","slug":"dukterines-imones","status":"publish","type":"page","link":"https:\/\/vilma.lt\/lt\/dukterines-imones\/","title":{"rendered":"Dukterin\u0117s \u012fmon\u0117s"},"content":{"rendered":"","protected":false},"excerpt":{"rendered":"","protected":false},"author":1,"featured_media":0,"parent":0,"menu_order":0,"comment_status":"closed","ping_status":"closed","template":"products-solutions.blade.php","meta":{"inline_featured_image":false,"footnotes":""},"class_list":["post-1596","page","type-page","status-publish","hentry"],"acf":[],"yoast_head":"<!-- This site is optimized with the Yoast SEO plugin v20.6 - https:\/\/yoast.com\/wordpress\/plugins\/seo\/ -->\n<title>Dukterin\u0117s \u012fmon\u0117s - Vilma<\/title>\n<meta name=\"robots\" content=\"index, follow, max-snippet:-1, max-image-preview:large, max-video-preview:-1\" \/>\n<link rel=\"canonical\" href=\"https:\/\/vilma.lt\/lt\/dukterines-imones\/\" \/>\n<meta property=\"og:locale\" content=\"lt_LT\" \/>\n<meta property=\"og:type\" content=\"article\" \/>\n<meta property=\"og:title\" content=\"Dukterin\u0117s \u012fmon\u0117s - Vilma\" \/>\n<meta property=\"og:url\" content=\"https:\/\/vilma.lt\/lt\/dukterines-imones\/\" \/>\n<meta property=\"og:site_name\" content=\"Vilma\" \/>\n<meta property=\"article:modified_time\" content=\"2025-03-05T11:54:41+00:00\" \/>\n<meta name=\"twitter:card\" content=\"summary_large_image\" \/>\n<script type=\"application\/ld+json\" class=\"yoast-schema-graph\">{\"@context\":\"https:\/\/schema.org\",\"@graph\":[{\"@type\":\"WebPage\",\"@id\":\"https:\/\/vilma.lt\/lt\/dukterines-imones\/\",\"url\":\"https:\/\/vilma.lt\/lt\/dukterines-imones\/\",\"name\":\"Dukterin\u0117s \u012fmon\u0117s - Vilma\",\"isPartOf\":{\"@id\":\"https:\/\/vilma.lt\/#website\"},\"datePublished\":\"2022-12-14T13:56:04+00:00\",\"dateModified\":\"2025-03-05T11:54:41+00:00\",\"breadcrumb\":{\"@id\":\"https:\/\/vilma.lt\/lt\/dukterines-imones\/#breadcrumb\"},\"inLanguage\":\"lt-LT\",\"potentialAction\":[{\"@type\":\"ReadAction\",\"target\":[\"https:\/\/vilma.lt\/lt\/dukterines-imones\/\"]}]},{\"@type\":\"BreadcrumbList\",\"@id\":\"https:\/\/vilma.lt\/lt\/dukterines-imones\/#breadcrumb\",\"itemListElement\":[{\"@type\":\"ListItem\",\"position\":1,\"name\":\"Home\",\"item\":\"https:\/\/vilma.lt\/lt\/\"},{\"@type\":\"ListItem\",\"position\":2,\"name\":\"Dukterin\u0117s \u012fmon\u0117s\"}]},{\"@type\":\"WebSite\",\"@id\":\"https:\/\/vilma.lt\/#website\",\"url\":\"https:\/\/vilma.lt\/\",\"name\":\"Vilma\",\"description\":\"AB Vilma\",\"publisher\":{\"@id\":\"https:\/\/vilma.lt\/#organization\"},\"potentialAction\":[{\"@type\":\"SearchAction\",\"target\":{\"@type\":\"EntryPoint\",\"urlTemplate\":\"https:\/\/vilma.lt\/?s={search_term_string}\"},\"query-input\":\"required name=search_term_string\"}],\"inLanguage\":\"lt-LT\"},{\"@type\":\"Organization\",\"@id\":\"https:\/\/vilma.lt\/#organization\",\"name\":\"Vilma\",\"url\":\"https:\/\/vilma.lt\/\",\"logo\":{\"@type\":\"ImageObject\",\"inLanguage\":\"lt-LT\",\"@id\":\"https:\/\/vilma.lt\/#\/schema\/logo\/image\/\",\"url\":\"https:\/\/vilma.lt\/wp-content\/uploads\/2023\/05\/logo.png\",\"contentUrl\":\"https:\/\/vilma.lt\/wp-content\/uploads\/2023\/05\/logo.png\",\"width\":300,\"height\":87,\"caption\":\"Vilma\"},\"image\":{\"@id\":\"https:\/\/vilma.lt\/#\/schema\/logo\/image\/\"}}]}<\/script>\n<!-- \/ Yoast SEO plugin. -->","yoast_head_json":{"title":"Dukterin\u0117s \u012fmon\u0117s - Vilma","robots":{"index":"index","follow":"follow","max-snippet":"max-snippet:-1","max-image-preview":"max-image-preview:large","max-video-preview":"max-video-preview:-1"},"canonical":"https:\/\/vilma.lt\/lt\/dukterines-imones\/","og_locale":"lt_LT","og_type":"article","og_title":"Dukterin\u0117s \u012fmon\u0117s - Vilma","og_url":"https:\/\/vilma.lt\/lt\/dukterines-imones\/","og_site_name":"Vilma","article_modified_time":"2025-03-05T11:54:41+00:00","twitter_card":"summary_large_image","schema":{"@context":"https:\/\/schema.org","@graph":[{"@type":"WebPage","@id":"https:\/\/vilma.lt\/lt\/dukterines-imones\/","url":"https:\/\/vilma.lt\/lt\/dukterines-imones\/","name":"Dukterin\u0117s \u012fmon\u0117s - Vilma","isPartOf":{"@id":"https:\/\/vilma.lt\/#website"},"datePublished":"2022-12-14T13:56:04+00:00","dateModified":"2025-03-05T11:54:41+00:00","breadcrumb":{"@id":"https:\/\/vilma.lt\/lt\/dukterines-imones\/#breadcrumb"},"inLanguage":"lt-LT","potentialAction":[{"@type":"ReadAction","target":["https:\/\/vilma.lt\/lt\/dukterines-imones\/"]}]},{"@type":"BreadcrumbList","@id":"https:\/\/vilma.lt\/lt\/dukterines-imones\/#breadcrumb","itemListElement":[{"@type":"ListItem","position":1,"name":"Home","item":"https:\/\/vilma.lt\/lt\/"},{"@type":"ListItem","position":2,"name":"Dukterin\u0117s \u012fmon\u0117s"}]},{"@type":"WebSite","@id":"https:\/\/vilma.lt\/#website","url":"https:\/\/vilma.lt\/","name":"Vilma","description":"AB Vilma","publisher":{"@id":"https:\/\/vilma.lt\/#organization"},"potentialAction":[{"@type":"SearchAction","target":{"@type":"EntryPoint","urlTemplate":"https:\/\/vilma.lt\/?s={search_term_string}"},"query-input":"required name=search_term_string"}],"inLanguage":"lt-LT"},{"@type":"Organization","@id":"https:\/\/vilma.lt\/#organization","name":"Vilma","url":"https:\/\/vilma.lt\/","logo":{"@type":"ImageObject","inLanguage":"lt-LT","@id":"https:\/\/vilma.lt\/#\/schema\/logo\/image\/","url":"https:\/\/vilma.lt\/wp-content\/uploads\/2023\/05\/logo.png","contentUrl":"https:\/\/vilma.lt\/wp-content\/uploads\/2023\/05\/logo.png","width":300,"height":87,"caption":"Vilma"},"image":{"@id":"https:\/\/vilma.lt\/#\/schema\/logo\/image\/"}}]}},"_links":{"self":[{"href":"https:\/\/vilma.lt\/lt\/wp-json\/wp\/v2\/pages\/1596","targetHints":{"allow":["GET"]}}],"collection":[{"href":"https:\/\/vilma.lt\/lt\/wp-json\/wp\/v2\/pages"}],"about":[{"href":"https:\/\/vilma.lt\/lt\/wp-json\/wp\/v2\/types\/page"}],"author":[{"embeddable":true,"href":"https:\/\/vilma.lt\/lt\/wp-json\/wp\/v2\/users\/1"}],"replies":[{"embeddable":true,"href":"https:\/\/vilma.lt\/lt\/wp-json\/wp\/v2\/comments?post=1596"}],"version-history":[{"count":18,"href":"https:\/\/vilma.lt\/lt\/wp-json\/wp\/v2\/pages\/1596\/revisions"}],"predecessor-version":[{"id":4042,"href":"https:\/\/vilma.lt\/lt\/wp-json\/wp\/v2\/pages\/1596\/revisions\/4042"}],"wp:attachment":[{"href":"https:\/\/vilma.lt\/lt\/wp-json\/wp\/v2\/media?parent=1596"}],"curies":[{"name":"wp","href":"https:\/\/api.w.org\/{rel}","templated":true}]}}